{"id":1368,"date":"2021-07-09T13:01:09","date_gmt":"2021-07-09T11:01:09","guid":{"rendered":"https:\/\/www.windtools.es\/?page_id=1368"},"modified":"2023-04-11T10:52:09","modified_gmt":"2023-04-11T08:52:09","slug":"systemes-delevation","status":"publish","type":"page","link":"https:\/\/www.windtools.es\/fr\/produits\/systemes-delevation\/","title":{"rendered":"Syst\u00e8mes d&rsquo;\u00e9l\u00e9vation"},"content":{"rendered":"<p><div class=\"fusion-fullwidth fullwidth-box fusion-builder-row-1 fusion-flex-container nonhundred-percent-fullwidth non-hundred-percent-height-scrolling\" style=\"background-color: #e7e7e7;background-position: center center;background-repeat: no-repeat;border-width: 0px 0px 0px 0px;border-color:#e2e2e2;border-style:solid;\" ><div class=\"fusion-builder-row fusion-row fusion-flex-align-items-flex-start\" style=\"max-width:1248px;margin-left: calc(-4% \/ 2 );margin-right: calc(-4% \/ 2 );\"><div class=\"fusion-layout-column fusion_builder_column fusion-builder-column-0 fusion_builder_column_1_1 1_1 fusion-flex-column\"><div class=\"fusion-column-wrapper fusion-flex-justify-content-flex-start fusion-content-layout-column\" style=\"background-position:left top;background-repeat:no-repeat;-webkit-background-size:cover;-moz-background-size:cover;-o-background-size:cover;background-size:cover;padding: 0px 0px 0px 0px;\"><style type=\"text\/css\">@media only screen and (max-width:1024px) {.fusion-title.fusion-title-1{margin-top:10px!important; margin-right:0px!important;margin-bottom:15px!important;margin-left:0px!important;}}@media only screen and (max-width:800px) {.fusion-title.fusion-title-1{margin-top:10px!important; margin-right:0px!important;margin-bottom:10px!important; margin-left:0px!important;}}<\/style><div class=\"fusion-title title fusion-title-1 fusion-sep-none fusion-title-text fusion-title-size-one\" style=\"margin-top:10px;margin-right:0px;margin-bottom:15px;margin-left:0px;\" id=\"subproductos-titulo\"><h1 class=\"title-heading-left\" style=\"margin:0;\">Syst\u00e8mes d&rsquo;\u00e9l\u00e9vation<\/h1><\/div><\/div><style type=\"text\/css\">.fusion-body .fusion-builder-column-0{width:100% !important;margin-top : 0px;margin-bottom : 0px;}.fusion-builder-column-0 > .fusion-column-wrapper {padding-top : 0px !important;padding-right : 0px !important;margin-right : 1.92%;padding-bottom : 0px !important;padding-left : 0px !important;margin-left : 1.92%;}@media only screen and (max-width:1024px) {.fusion-body .fusion-builder-column-0{width:100% !important;order : 0;}.fusion-builder-column-0 > .fusion-column-wrapper {margin-right : 1.92%;margin-left : 1.92%;}}@media only screen and (max-width:800px) {.fusion-body .fusion-builder-column-0{width:100% !important;order : 0;}.fusion-builder-column-0 > .fusion-column-wrapper {margin-right : 1.92%;margin-left : 1.92%;}}<\/style><\/div><\/div><style type=\"text\/css\">.fusion-body .fusion-flex-container.fusion-builder-row-1{ padding-top : 30px;margin-top : 0px;padding-right : 0px;padding-bottom : 0px;margin-bottom : 0px;padding-left : 0px;}<\/style><\/div><div class=\"fusion-fullwidth fullwidth-box fusion-builder-row-2 fusion-flex-container nonhundred-percent-fullwidth non-hundred-percent-height-scrolling\" style=\"background-color: #e7e7e7;background-position: center center;background-repeat: no-repeat;border-width: 0px 0px 0px 0px;border-color:#e2e2e2;border-style:solid;\" ><div class=\"fusion-builder-row fusion-row fusion-flex-align-items-stretch fusion-flex-align-content-center fusion-flex-justify-content-space-evenly\" style=\"max-width:1248px;margin-left: calc(-4% \/ 2 );margin-right: calc(-4% \/ 2 );\"><div class=\"fusion-layout-column fusion_builder_column fusion-builder-column-1 fusion_builder_column_2_5 2_5 fusion-flex-column subproductos-bloque-producto fusion-column-inner-bg-wrapper\"><div class=\"fusion-column-wrapper fusion-flex-justify-content-flex-start fusion-content-layout-column fusion-empty-dims-bg-image\" style=\"padding: 0px 0px 0px 0px;\" data-bg-url=\"http:\/\/www.windtools.es\/wp-content\/uploads\/2021\/07\/CAJA-DE-HERRAMIENTAS-ELEVABLE.jpg\"><div class=\"fusion-text fusion-text-1\"><p>Caisse \u00e0 outils \u00e9levable<\/p>\n<\/div><\/div><span class=\"fusion-column-inner-bg hover-type-none\"><a class=\"fusion-column-anchor\" href=\"https:\/\/www.windtools.es\/fr\/produits\/systemes-delevation\/caisse-a-outils-elevable\/\"><span class=\"fusion-column-inner-bg-image\" style=\"background-image: url(&#039;http:\/\/www.windtools.es\/wp-content\/uploads\/2021\/07\/CAJA-DE-HERRAMIENTAS-ELEVABLE.jpg&#039;);background-position:center center;background-repeat:no-repeat;-webkit-background-size:cover;-moz-background-size:cover;-o-background-size:cover;background-size:cover;\"><\/span><\/a><\/span><style type=\"text\/css\">.fusion-body .fusion-builder-column-1{width:40% !important;margin-top : 0px;margin-bottom : 40px;}.fusion-builder-column-1 > .fusion-column-wrapper {padding-top : 0px !important;padding-right : 0px !important;margin-right : 4.8%;padding-bottom : 0px !important;padding-left : 0px !important;margin-left : 4.8%;}.fusion-flex-container .fusion-row .fusion-builder-column-1 > .fusion-column-inner-bg { margin-right:4.8%;margin-left:4.8%; }@media only screen and (max-width:1024px) {.fusion-body .fusion-builder-column-1{width:40% !important;order : 0;}.fusion-builder-column-1 > .fusion-column-wrapper {margin-right : 4.8%;margin-left : 4.8%;}.fusion-flex-container .fusion-row .fusion-builder-column-1 > .fusion-column-inner-bg { margin-right:4.8%;margin-left:4.8%; }}@media only screen and (min-width:1024px) {.fusion-body .fusion-builder-column-1 .fusion-empty-dims-img-placeholder { display: none; }}@media only screen and (max-width:800px) {.fusion-body .fusion-builder-column-1{width:100% !important;order : 0;}.fusion-builder-column-1 > .fusion-column-wrapper {margin-right : 1.92%;margin-left : 1.92%;}.fusion-flex-container .fusion-row .fusion-builder-column-1 > .fusion-column-inner-bg { margin-right:1.92%;margin-left:1.92%; }}<\/style><\/div><div class=\"fusion-layout-column fusion_builder_column fusion-builder-column-2 fusion_builder_column_2_5 2_5 fusion-flex-column subproductos-bloque-producto fusion-column-inner-bg-wrapper\"><div class=\"fusion-column-wrapper fusion-flex-justify-content-flex-start fusion-content-layout-column fusion-empty-dims-bg-image\" style=\"padding: 0px 0px 0px 0px;\" data-bg-url=\"http:\/\/www.windtools.es\/wp-content\/uploads\/2021\/09\/POLIPASTOS-MANUALES-DOBLE-SEGURIDAD-principal.jpg\"><div class=\"fusion-text fusion-text-2\"><p>Palans manuels \u00e0 double s\u00e9curit\u00e9<\/p>\n<\/div><\/div><span class=\"fusion-column-inner-bg hover-type-none\"><a class=\"fusion-column-anchor\" href=\"https:\/\/www.windtools.es\/fr\/produits\/systemes-delevation\/palans-manuels-a-double-securite\/\"><span class=\"fusion-column-inner-bg-image\" style=\"background-image: url(&#039;http:\/\/www.windtools.es\/wp-content\/uploads\/2021\/09\/POLIPASTOS-MANUALES-DOBLE-SEGURIDAD-principal.jpg&#039;);background-position:center center;background-repeat:no-repeat;-webkit-background-size:cover;-moz-background-size:cover;-o-background-size:cover;background-size:cover;\"><\/span><\/a><\/span><style type=\"text\/css\">.fusion-body .fusion-builder-column-2{width:40% !important;margin-top : 0px;margin-bottom : 40px;}.fusion-builder-column-2 > .fusion-column-wrapper {padding-top : 0px !important;padding-right : 0px !important;margin-right : 4.8%;padding-bottom : 0px !important;padding-left : 0px !important;margin-left : 4.8%;}.fusion-flex-container .fusion-row .fusion-builder-column-2 > .fusion-column-inner-bg { margin-right:4.8%;margin-left:4.8%; }@media only screen and (max-width:1024px) {.fusion-body .fusion-builder-column-2{width:40% !important;order : 0;}.fusion-builder-column-2 > .fusion-column-wrapper {margin-right : 4.8%;margin-left : 4.8%;}.fusion-flex-container .fusion-row .fusion-builder-column-2 > .fusion-column-inner-bg { margin-right:4.8%;margin-left:4.8%; }}@media only screen and (min-width:1024px) {.fusion-body .fusion-builder-column-2 .fusion-empty-dims-img-placeholder { display: none; }}@media only screen and (max-width:800px) {.fusion-body .fusion-builder-column-2{width:100% !important;order : 0;}.fusion-builder-column-2 > .fusion-column-wrapper {margin-right : 1.92%;margin-left : 1.92%;}.fusion-flex-container .fusion-row .fusion-builder-column-2 > .fusion-column-inner-bg { margin-right:1.92%;margin-left:1.92%; }}<\/style><\/div><div class=\"fusion-layout-column fusion_builder_column fusion-builder-column-3 fusion_builder_column_2_5 2_5 fusion-flex-column subproductos-bloque-producto fusion-column-inner-bg-wrapper\"><div class=\"fusion-column-wrapper fusion-flex-justify-content-flex-start fusion-content-layout-column fusion-empty-dims-bg-image\" style=\"padding: 0px 0px 0px 0px;\" data-bg-url=\"http:\/\/www.windtools.es\/wp-content\/uploads\/2021\/07\/UTILES-IZADO.jpg\"><div class=\"fusion-text fusion-text-3\"><p>\u00c9quipement de levage<\/p>\n<\/div><\/div><span class=\"fusion-column-inner-bg hover-type-none\"><a class=\"fusion-column-anchor\" href=\"https:\/\/www.windtools.es\/fr\/produits\/systemes-delevation\/equipements-de-levage\/\"><span class=\"fusion-column-inner-bg-image\" style=\"background-image: url(&#039;http:\/\/www.windtools.es\/wp-content\/uploads\/2021\/07\/UTILES-IZADO.jpg&#039;);background-position:left top;background-repeat:no-repeat;-webkit-background-size:cover;-moz-background-size:cover;-o-background-size:cover;background-size:cover;\"><\/span><\/a><\/span><style type=\"text\/css\">.fusion-body .fusion-builder-column-3{width:40% !important;margin-top : 0px;margin-bottom : 40px;}.fusion-builder-column-3 > .fusion-column-wrapper {padding-top : 0px !important;padding-right : 0px !important;margin-right : 4.8%;padding-bottom : 0px !important;padding-left : 0px !important;margin-left : 4.8%;}.fusion-flex-container .fusion-row .fusion-builder-column-3 > .fusion-column-inner-bg { margin-right:4.8%;margin-left:4.8%; }@media only screen and (max-width:1024px) {.fusion-body .fusion-builder-column-3{width:40% !important;order : 0;}.fusion-builder-column-3 > .fusion-column-wrapper {margin-right : 4.8%;margin-left : 4.8%;}.fusion-flex-container .fusion-row .fusion-builder-column-3 > .fusion-column-inner-bg { margin-right:4.8%;margin-left:4.8%; }}@media only screen and (min-width:1024px) {.fusion-body .fusion-builder-column-3 .fusion-empty-dims-img-placeholder { display: none; }}@media only screen and (max-width:800px) {.fusion-body .fusion-builder-column-3{width:100% !important;order : 0;}.fusion-builder-column-3 > .fusion-column-wrapper {margin-right : 1.92%;margin-left : 1.92%;}.fusion-flex-container .fusion-row .fusion-builder-column-3 > .fusion-column-inner-bg { margin-right:1.92%;margin-left:1.92%; }}<\/style><\/div><\/div><style type=\"text\/css\">.fusion-body .fusion-flex-container.fusion-builder-row-2{ padding-top : 20px;margin-top : 0px;padding-right : 0px;padding-bottom : 20px;margin-bottom : 0px;padding-left : 0px;}<\/style><\/div><\/p>\n","protected":false},"excerpt":{"rendered":"","protected":false},"author":1,"featured_media":0,"parent":1345,"menu_order":0,"comment_status":"closed","ping_status":"closed","template":"100-width.php","meta":{"footnotes":""},"class_list":["post-1368","page","type-page","status-publish","hentry"],"_links":{"self":[{"href":"https:\/\/www.windtools.es\/fr\/wp-json\/wp\/v2\/pages\/1368","targetHints":{"allow":["GET"]}}],"collection":[{"href":"https:\/\/www.windtools.es\/fr\/wp-json\/wp\/v2\/pages"}],"about":[{"href":"https:\/\/www.windtools.es\/fr\/wp-json\/wp\/v2\/types\/page"}],"author":[{"embeddable":true,"href":"https:\/\/www.windtools.es\/fr\/wp-json\/wp\/v2\/users\/1"}],"replies":[{"embeddable":true,"href":"https:\/\/www.windtools.es\/fr\/wp-json\/wp\/v2\/comments?post=1368"}],"version-history":[{"count":5,"href":"https:\/\/www.windtools.es\/fr\/wp-json\/wp\/v2\/pages\/1368\/revisions"}],"predecessor-version":[{"id":1628,"href":"https:\/\/www.windtools.es\/fr\/wp-json\/wp\/v2\/pages\/1368\/revisions\/1628"}],"up":[{"embeddable":true,"href":"https:\/\/www.windtools.es\/fr\/wp-json\/wp\/v2\/pages\/1345"}],"wp:attachment":[{"href":"https:\/\/www.windtools.es\/fr\/wp-json\/wp\/v2\/media?parent=1368"}],"curies":[{"name":"wp","href":"https:\/\/api.w.org\/{rel}","templated":true}]}}