{"id":1359,"date":"2021-09-06T13:44:39","date_gmt":"2021-09-06T11:44:39","guid":{"rendered":"https:\/\/www.windtools.es\/?page_id=1359"},"modified":"2022-12-20T13:25:38","modified_gmt":"2022-12-20T12:25:38","slug":"equipement-de-protection-individuelle","status":"publish","type":"page","link":"https:\/\/www.windtools.es\/fr\/produits\/equipement-de-protection-individuelle\/","title":{"rendered":"Equipement de protection individuelle"},"content":{"rendered":"<p><div class=\"fusion-fullwidth fullwidth-box fusion-builder-row-1 fusion-flex-container hundred-percent-fullwidth non-hundred-percent-height-scrolling\" style=\"background-color: #eeeeee;background-position: center center;background-repeat: no-repeat;border-width: 0px 0px 0px 0px;border-color:#e2e2e2;border-style:solid;\" ><div class=\"fusion-builder-row fusion-row fusion-flex-align-items-stretch\" style=\"width:calc( 100% + 0px ) !important;max-width:calc( 100% + 0px ) !important;margin-left: calc(-0px \/ 2 );margin-right: calc(-0px \/ 2 );\"><div class=\"fusion-layout-column fusion_builder_column fusion-builder-column-0 fusion_builder_column_1_2 1_2 fusion-flex-column fusion-flex-align-self-stretch\"><div class=\"fusion-column-wrapper fusion-flex-justify-content-flex-start fusion-content-layout-column\" style=\"background-position:left top;background-repeat:no-repeat;-webkit-background-size:cover;-moz-background-size:cover;-o-background-size:cover;background-size:cover;padding: 0px 0px 0px 0px;\"><div ><span class=\" fusion-imageframe imageframe-none imageframe-1 hover-type-none\"><img decoding=\"async\" width=\"1100\" height=\"735\" title=\"Imagen-EPIS\" src=\"https:\/\/www.windtools.es\/wp-content\/uploads\/2021\/09\/Imagen-EPIS.jpg\" class=\"img-responsive wp-image-1168\" srcset=\"https:\/\/www.windtools.es\/wp-content\/uploads\/2021\/09\/Imagen-EPIS-200x134.jpg 200w, https:\/\/www.windtools.es\/wp-content\/uploads\/2021\/09\/Imagen-EPIS-400x267.jpg 400w, https:\/\/www.windtools.es\/wp-content\/uploads\/2021\/09\/Imagen-EPIS-600x401.jpg 600w, https:\/\/www.windtools.es\/wp-content\/uploads\/2021\/09\/Imagen-EPIS-800x535.jpg 800w, https:\/\/www.windtools.es\/wp-content\/uploads\/2021\/09\/Imagen-EPIS.jpg 1100w\" sizes=\"(max-width: 800px) 100vw, 800px\" \/><\/span><\/div><\/div><style type=\"text\/css\">.fusion-body .fusion-builder-column-0{width:50% !important;margin-top : 0px;margin-bottom : 0px;}.fusion-builder-column-0 > .fusion-column-wrapper {padding-top : 0px !important;padding-right : 0px !important;margin-right : 0px;padding-bottom : 0px !important;padding-left : 0px !important;margin-left : 0px;}@media only screen and (max-width:1024px) {.fusion-body .fusion-builder-column-0{width:50% !important;order : 0;}.fusion-builder-column-0 > .fusion-column-wrapper {margin-right : 0px;margin-left : 0px;}}@media only screen and (max-width:800px) {.fusion-body .fusion-builder-column-0{width:100% !important;order : 0;}.fusion-builder-column-0 > .fusion-column-wrapper {margin-right : 0px;margin-left : 0px;}}<\/style><\/div><div class=\"fusion-layout-column fusion_builder_column fusion-builder-column-1 fusion_builder_column_1_2 1_2 fusion-flex-column ficha-producto-descripcion\"><div class=\"fusion-column-wrapper fusion-flex-justify-content-flex-start fusion-content-layout-column\" style=\"background-position:left top;background-repeat:no-repeat;-webkit-background-size:cover;-moz-background-size:cover;-o-background-size:cover;background-size:cover;background-color:#eeeeee;padding: 30px 40px 40px 40px;\"><style type=\"text\/css\">@media only screen and (max-width:1024px) {.fusion-title.fusion-title-1{margin-top:10px!important; margin-right:0px!important;margin-bottom:15px!important;margin-left:0px!important;}}@media only screen and (max-width:800px) {.fusion-title.fusion-title-1{margin-top:10px!important; margin-right:0px!important;margin-bottom:10px!important; margin-left:0px!important;}}<\/style><div class=\"fusion-title title fusion-title-1 fusion-sep-none fusion-title-text fusion-title-size-one\" style=\"margin-top:10px;margin-right:0px;margin-bottom:15px;margin-left:0px;\"><h1 class=\"title-heading-left\" style=\"margin:0;\">Equipement de protection individuelle<\/h1><\/div><div class=\"fusion-text fusion-text-1\"><p>Windtools est distributeur et partenaire d&rsquo;Irudek, une soci\u00e9t\u00e9 familiale ind\u00e9pendante fond\u00e9e au Pays basque en 1990, fabricant d&rsquo;EPI pour la protection en hauteur.<\/p>\n<p>C&rsquo;est l&rsquo;une des entreprises leaders sur le march\u00e9 europ\u00e9en et elle est connue pour cr\u00e9er des produits de s\u00e9curit\u00e9 innovants et de haute qualit\u00e9 pour tous.<\/p>\n<p>Ils fabriquent des produits au design innovant, \u00e0 la qualit\u00e9 reconnue et au confort maximal. La marque est pr\u00e9sente dans plus de 30 pays et continue de travailler avec la mission de devenir une marque mondialement reconnue.<\/p>\n<\/div><div ><style type=\"text\/css\">.fusion-button.button-1 .fusion-button-text, .fusion-button.button-1 i {color:#ffffff;}.fusion-button.button-1 .fusion-button-icon-divider{border-color:#ffffff;}.fusion-button.button-1:hover .fusion-button-text, .fusion-button.button-1:hover i,.fusion-button.button-1:focus .fusion-button-text, .fusion-button.button-1:focus i,.fusion-button.button-1:active .fusion-button-text, .fusion-button.button-1:active{color:#ffffff;}.fusion-button.button-1:hover .fusion-button-icon-divider, .fusion-button.button-1:hover .fusion-button-icon-divider, .fusion-button.button-1:active .fusion-button-icon-divider{border-color:#ffffff;}.fusion-button.button-1:hover, .fusion-button.button-1:focus, .fusion-button.button-1:active{border-color:#ffffff;}.fusion-button.button-1 {border-color:#ffffff;border-radius:0px;}.fusion-button.button-1{background: #0e72b5;}.fusion-button.button-1:hover,.button-1:focus,.fusion-button.button-1:active{background: #000000;}<\/style><a class=\"fusion-button button-flat button-large button-custom button-1 fusion-button-default-span fusion-button-default-type\" target=\"_blank\" rel=\"noopener noreferrer\" href=\"http:\/\/www.irudek.com\/es-es\/productos-epis\/\" style=\"margin-top:10px;\"><span class=\"fusion-button-text\">Plus d&#x27;informations<\/span><\/a><\/div><\/div><style type=\"text\/css\">.fusion-body .fusion-builder-column-1{width:50% !important;margin-top : 0px;margin-bottom : 0px;}.fusion-builder-column-1 > .fusion-column-wrapper {padding-top : 30px !important;padding-right : 40px !important;margin-right : 0px;padding-bottom : 40px !important;padding-left : 40px !important;margin-left : 0px;}@media only screen and (max-width:1024px) {.fusion-body .fusion-builder-column-1{width:50% !important;order : 0;}.fusion-builder-column-1 > .fusion-column-wrapper {margin-right : 0px;margin-left : 0px;}}@media only screen and (max-width:800px) {.fusion-body .fusion-builder-column-1{width:100% !important;order : 0;}.fusion-builder-column-1 > .fusion-column-wrapper {margin-right : 0px;margin-left : 0px;}}<\/style><\/div><\/div><style type=\"text\/css\">.fusion-body .fusion-flex-container.fusion-builder-row-1{ padding-top : 0px;margin-top : 0px;padding-right : 0px;padding-bottom : 0px;margin-bottom : 0px;padding-left : 0px;}<\/style><\/div><div class=\"fusion-fullwidth fullwidth-box fusion-builder-row-2 fusion-flex-container nonhundred-percent-fullwidth non-hundred-percent-height-scrolling\" style=\"background-color: rgba(255,255,255,0);background-position: center center;background-repeat: no-repeat;border-width: 0px 0px 0px 0px;border-color:#e2e2e2;border-style:solid;\" ><div class=\"fusion-builder-row fusion-row fusion-flex-align-items-flex-start\" style=\"max-width:1248px;margin-left: calc(-4% \/ 2 );margin-right: calc(-4% \/ 2 );\"><div class=\"fusion-layout-column fusion_builder_column fusion-builder-column-2 fusion_builder_column_1_4 1_4 fusion-flex-column\"><div class=\"fusion-column-wrapper fusion-flex-justify-content-flex-start fusion-content-layout-column\" style=\"background-position:left top;background-repeat:no-repeat;-webkit-background-size:cover;-moz-background-size:cover;-o-background-size:cover;background-size:cover;padding: 0px 0px 0px 0px;\"><div style=\"text-align:center;\"><span class=\" fusion-imageframe imageframe-none imageframe-2 hover-type-none\"><img decoding=\"async\" width=\"150\" height=\"150\" title=\"Distribuci\u00f3n\" src=\"http:\/\/www.windtools.es\/wp-content\/uploads\/2021\/07\/ICONO-DISTRIBUCION-150x150.png\" class=\"img-responsive wp-image-847\" srcset=\"https:\/\/www.windtools.es\/wp-content\/uploads\/2021\/07\/ICONO-DISTRIBUCION-66x66.png 66w, https:\/\/www.windtools.es\/wp-content\/uploads\/2021\/07\/ICONO-DISTRIBUCION-150x150.png 150w, https:\/\/www.windtools.es\/wp-content\/uploads\/2021\/07\/ICONO-DISTRIBUCION.png 196w\" sizes=\"(max-width: 150px) 100vw, 150px\" \/><\/span><\/div><style type=\"text\/css\">@media only screen and (max-width:1024px) {.fusion-title.fusion-title-2{margin-top:15px!important; margin-right:0px!important;margin-bottom:15px!important;margin-left:0px!important;}}@media only screen and (max-width:800px) {.fusion-title.fusion-title-2{margin-top:10px!important; margin-right:0px!important;margin-bottom:10px!important; margin-left:0px!important;}}<\/style><div class=\"fusion-title title fusion-title-2 fusion-sep-none fusion-title-center fusion-title-text fusion-title-size-three ficha-producto-titulo-icono\" style=\"margin-top:15px;margin-right:0px;margin-bottom:15px;margin-left:0px;\"><h3 class=\"title-heading-center\" style=\"margin:0;\">Distribution<\/h3><\/div><\/div><style type=\"text\/css\">.fusion-body .fusion-builder-column-2{width:25% !important;margin-top : 0px;margin-bottom : 20px;}.fusion-builder-column-2 > .fusion-column-wrapper {padding-top : 0px !important;padding-right : 0px !important;margin-right : 7.68%;padding-bottom : 0px !important;padding-left : 0px !important;margin-left : 7.68%;}@media only screen and (max-width:1024px) {.fusion-body .fusion-builder-column-2{width:25% !important;order : 0;}.fusion-builder-column-2 > .fusion-column-wrapper {margin-right : 7.68%;margin-left : 7.68%;}}@media only screen and (max-width:800px) {.fusion-body .fusion-builder-column-2{width:100% !important;order : 0;}.fusion-builder-column-2 > .fusion-column-wrapper {margin-right : 1.92%;margin-left : 1.92%;}}<\/style><\/div><div class=\"fusion-layout-column fusion_builder_column fusion-builder-column-3 fusion_builder_column_1_4 1_4 fusion-flex-column\"><div class=\"fusion-column-wrapper fusion-flex-justify-content-flex-start fusion-content-layout-column\" style=\"background-position:left top;background-repeat:no-repeat;-webkit-background-size:cover;-moz-background-size:cover;-o-background-size:cover;background-size:cover;padding: 0px 0px 0px 0px;\"><div style=\"text-align:center;\"><span class=\" fusion-imageframe imageframe-none imageframe-3 hover-type-none\"><img decoding=\"async\" width=\"150\" height=\"150\" title=\"Formaci\u00f3n\" src=\"http:\/\/www.windtools.es\/wp-content\/uploads\/2021\/07\/ICONO-FORMACION-150x150.png\" class=\"img-responsive wp-image-850\" srcset=\"https:\/\/www.windtools.es\/wp-content\/uploads\/2021\/07\/ICONO-FORMACION-66x66.png 66w, https:\/\/www.windtools.es\/wp-content\/uploads\/2021\/07\/ICONO-FORMACION-150x150.png 150w, https:\/\/www.windtools.es\/wp-content\/uploads\/2021\/07\/ICONO-FORMACION.png 196w\" sizes=\"(max-width: 150px) 100vw, 150px\" \/><\/span><\/div><style type=\"text\/css\">@media only screen and (max-width:1024px) {.fusion-title.fusion-title-3{margin-top:15px!important; margin-right:0px!important;margin-bottom:15px!important;margin-left:0px!important;}}@media only screen and (max-width:800px) {.fusion-title.fusion-title-3{margin-top:10px!important; margin-right:0px!important;margin-bottom:10px!important; margin-left:0px!important;}}<\/style><div class=\"fusion-title title fusion-title-3 fusion-sep-none fusion-title-center fusion-title-text fusion-title-size-three ficha-producto-titulo-icono\" style=\"margin-top:15px;margin-right:0px;margin-bottom:15px;margin-left:0px;\"><h3 class=\"title-heading-center\" style=\"margin:0;\">Formation<\/h3><\/div><\/div><style type=\"text\/css\">.fusion-body .fusion-builder-column-3{width:25% !important;margin-top : 0px;margin-bottom : 20px;}.fusion-builder-column-3 > .fusion-column-wrapper {padding-top : 0px !important;padding-right : 0px !important;margin-right : 7.68%;padding-bottom : 0px !important;padding-left : 0px !important;margin-left : 7.68%;}@media only screen and (max-width:1024px) {.fusion-body .fusion-builder-column-3{width:25% !important;order : 0;}.fusion-builder-column-3 > .fusion-column-wrapper {margin-right : 7.68%;margin-left : 7.68%;}}@media only screen and (max-width:800px) {.fusion-body .fusion-builder-column-3{width:100% !important;order : 0;}.fusion-builder-column-3 > .fusion-column-wrapper {margin-right : 1.92%;margin-left : 1.92%;}}<\/style><\/div><div class=\"fusion-layout-column fusion_builder_column fusion-builder-column-4 fusion_builder_column_1_4 1_4 fusion-flex-column\"><div class=\"fusion-column-wrapper fusion-flex-justify-content-flex-start fusion-content-layout-column\" style=\"background-position:left top;background-repeat:no-repeat;-webkit-background-size:cover;-moz-background-size:cover;-o-background-size:cover;background-size:cover;padding: 0px 0px 0px 0px;\"><div style=\"text-align:center;\"><span class=\" fusion-imageframe imageframe-none imageframe-4 hover-type-none\"><img decoding=\"async\" width=\"150\" height=\"150\" title=\"ICONO-SOLUCIONES\" src=\"http:\/\/www.windtools.es\/wp-content\/uploads\/2021\/07\/ICONO-SOLUCIONES-150x150.png\" class=\"img-responsive wp-image-826\" srcset=\"https:\/\/www.windtools.es\/wp-content\/uploads\/2021\/07\/ICONO-SOLUCIONES-66x66.png 66w, https:\/\/www.windtools.es\/wp-content\/uploads\/2021\/07\/ICONO-SOLUCIONES-150x150.png 150w, https:\/\/www.windtools.es\/wp-content\/uploads\/2021\/07\/ICONO-SOLUCIONES.png 196w\" sizes=\"(max-width: 150px) 100vw, 150px\" \/><\/span><\/div><style type=\"text\/css\">@media only screen and (max-width:1024px) {.fusion-title.fusion-title-4{margin-top:15px!important; margin-right:0px!important;margin-bottom:15px!important;margin-left:0px!important;}}@media only screen and (max-width:800px) {.fusion-title.fusion-title-4{margin-top:10px!important; margin-right:0px!important;margin-bottom:10px!important; margin-left:0px!important;}}<\/style><div class=\"fusion-title title fusion-title-4 fusion-sep-none fusion-title-center fusion-title-text fusion-title-size-three ficha-producto-titulo-icono\" style=\"margin-top:15px;margin-right:0px;margin-bottom:15px;margin-left:0px;\"><h3 class=\"title-heading-center\" style=\"margin:0;\">R\u00e9vision<\/h3><\/div><\/div><style type=\"text\/css\">.fusion-body .fusion-builder-column-4{width:25% !important;margin-top : 0px;margin-bottom : 20px;}.fusion-builder-column-4 > .fusion-column-wrapper {padding-top : 0px !important;padding-right : 0px !important;margin-right : 7.68%;padding-bottom : 0px !important;padding-left : 0px !important;margin-left : 7.68%;}@media only screen and (max-width:1024px) {.fusion-body .fusion-builder-column-4{width:25% !important;order : 0;}.fusion-builder-column-4 > .fusion-column-wrapper {margin-right : 7.68%;margin-left : 7.68%;}}@media only screen and (max-width:800px) {.fusion-body .fusion-builder-column-4{width:100% !important;order : 0;}.fusion-builder-column-4 > .fusion-column-wrapper {margin-right : 1.92%;margin-left : 1.92%;}}<\/style><\/div><div class=\"fusion-layout-column fusion_builder_column fusion-builder-column-5 fusion_builder_column_1_4 1_4 fusion-flex-column\"><div class=\"fusion-column-wrapper fusion-flex-justify-content-flex-start fusion-content-layout-column\" style=\"background-position:left top;background-repeat:no-repeat;-webkit-background-size:cover;-moz-background-size:cover;-o-background-size:cover;background-size:cover;padding: 0px 0px 0px 0px;\"><div style=\"text-align:center;\"><span class=\" fusion-imageframe imageframe-none imageframe-5 hover-type-none\"><a class=\"fusion-no-lightbox\" href=\"https:\/\/www.irudek.com\/\" target=\"_blank\" aria-label=\"proves-irudek-logo\" rel=\"noopener noreferrer\"><img decoding=\"async\" width=\"200\" height=\"200\" src=\"http:\/\/www.windtools.es\/wp-content\/uploads\/2021\/09\/proves-irudek-logo-200x200.png\" class=\"img-responsive wp-image-1198\" srcset=\"https:\/\/www.windtools.es\/wp-content\/uploads\/2021\/09\/proves-irudek-logo-200x200.png 200w, https:\/\/www.windtools.es\/wp-content\/uploads\/2021\/09\/proves-irudek-logo.png 300w\" sizes=\"(max-width: 800px) 100vw, 200px\" \/><\/a><\/span><\/div><\/div><style type=\"text\/css\">.fusion-body .fusion-builder-column-5{width:25% !important;margin-top : 0px;margin-bottom : 20px;}.fusion-builder-column-5 > .fusion-column-wrapper {padding-top : 0px !important;padding-right : 0px !important;margin-right : 7.68%;padding-bottom : 0px !important;padding-left : 0px !important;margin-left : 7.68%;}@media only screen and (max-width:1024px) {.fusion-body .fusion-builder-column-5{width:25% !important;order : 0;}.fusion-builder-column-5 > .fusion-column-wrapper {margin-right : 7.68%;margin-left : 7.68%;}}@media only screen and (max-width:800px) {.fusion-body .fusion-builder-column-5{width:100% !important;order : 0;}.fusion-builder-column-5 > .fusion-column-wrapper {margin-right : 1.92%;margin-left : 1.92%;}}<\/style><\/div><\/div><style type=\"text\/css\">.fusion-body .fusion-flex-container.fusion-builder-row-2{ padding-top : 60px;margin-top : 0px;padding-right : 0px;padding-bottom : 0px;margin-bottom : 0px;padding-left : 0px;}<\/style><\/div><\/p>\n","protected":false},"excerpt":{"rendered":"","protected":false},"author":1,"featured_media":0,"parent":1345,"menu_order":0,"comment_status":"closed","ping_status":"closed","template":"100-width.php","meta":{"footnotes":""},"class_list":["post-1359","page","type-page","status-publish","hentry"],"_links":{"self":[{"href":"https:\/\/www.windtools.es\/fr\/wp-json\/wp\/v2\/pages\/1359","targetHints":{"allow":["GET"]}}],"collection":[{"href":"https:\/\/www.windtools.es\/fr\/wp-json\/wp\/v2\/pages"}],"about":[{"href":"https:\/\/www.windtools.es\/fr\/wp-json\/wp\/v2\/types\/page"}],"author":[{"embeddable":true,"href":"https:\/\/www.windtools.es\/fr\/wp-json\/wp\/v2\/users\/1"}],"replies":[{"embeddable":true,"href":"https:\/\/www.windtools.es\/fr\/wp-json\/wp\/v2\/comments?post=1359"}],"version-history":[{"count":4,"href":"https:\/\/www.windtools.es\/fr\/wp-json\/wp\/v2\/pages\/1359\/revisions"}],"predecessor-version":[{"id":1552,"href":"https:\/\/www.windtools.es\/fr\/wp-json\/wp\/v2\/pages\/1359\/revisions\/1552"}],"up":[{"embeddable":true,"href":"https:\/\/www.windtools.es\/fr\/wp-json\/wp\/v2\/pages\/1345"}],"wp:attachment":[{"href":"https:\/\/www.windtools.es\/fr\/wp-json\/wp\/v2\/media?parent=1359"}],"curies":[{"name":"wp","href":"https:\/\/api.w.org\/{rel}","templated":true}]}}